{"id":15,"date":"2025-06-05T18:19:58","date_gmt":"2025-06-05T16:19:58","guid":{"rendered":"https:\/\/maisonboullier.com\/?page_id=15"},"modified":"2025-06-05T22:43:30","modified_gmt":"2025-06-05T20:43:30","slug":"confection-de-coussins-sur-mesure","status":"publish","type":"page","link":"https:\/\/maisonboullier.com\/index.php\/confection-de-coussins-sur-mesure\/","title":{"rendered":"Confection de coussins sur mesure"},"content":{"rendered":"\n<ul class=\"wp-block-list\">\n<li>Pour int\u00e9rieur (banquettes, assises)<\/li>\n\n\n\n<li>Pour ext\u00e9rieur (avec tissus d\u00e9perlants)<\/li>\n<\/ul>\n\n\n\n<p><\/p>\n","protected":false},"excerpt":{"rendered":"","protected":false},"author":2,"featured_media":0,"parent":0,"menu_order":0,"comment_status":"closed","ping_status":"closed","template":"template-fullwidth.php","meta":{"footnotes":""},"class_list":["post-15","page","type-page","status-publish","hentry"],"yoast_head":"<!-- This site is optimized with the Yoast SEO plugin v27.4 - https:\/\/yoast.com\/product\/yoast-seo-wordpress\/ -->\n<title>Confection sur mesure \u00e0 Marseille : coussins, rideaux, t\u00eates de lit<\/title>\n<meta name=\"description\" content=\"Confection artisanale sur mesure \u00e0 Marseille : coussins d\u2019assise, rideaux, voilages et t\u00eates de lit. Choix de tissus et finitions.\" \/>\n<meta name=\"robots\" content=\"index, follow, max-snippet:-1, max-image-preview:large, max-video-preview:-1\" \/>\n<link rel=\"canonical\" href=\"https:\/\/maisonboullier.com\/index.php\/confection-de-coussins-sur-mesure\/\" \/>\n<meta property=\"og:locale\" content=\"fr_FR\" \/>\n<meta property=\"og:type\" content=\"article\" \/>\n<meta property=\"og:title\" content=\"Confection sur mesure \u00e0 Marseille : coussins, rideaux, t\u00eates de lit\" \/>\n<meta property=\"og:description\" content=\"Confection artisanale sur mesure \u00e0 Marseille : coussins d\u2019assise, rideaux, voilages et t\u00eates de lit. Choix de tissus et finitions.\" \/>\n<meta property=\"og:url\" content=\"https:\/\/maisonboullier.com\/index.php\/confection-de-coussins-sur-mesure\/\" \/>\n<meta property=\"og:site_name\" content=\"Maison Boullier\" \/>\n<meta property=\"article:modified_time\" content=\"2025-06-05T20:43:30+00:00\" \/>\n<meta name=\"twitter:card\" content=\"summary_large_image\" \/>\n<meta name=\"twitter:label1\" content=\"Dur\u00e9e de lecture estim\u00e9e\" \/>\n\t<meta name=\"twitter:data1\" content=\"1 minute\" \/>\n<script type=\"application\/ld+json\" class=\"yoast-schema-graph\">{\"@context\":\"https:\\\/\\\/schema.org\",\"@graph\":[{\"@type\":\"WebPage\",\"@id\":\"https:\\\/\\\/maisonboullier.com\\\/index.php\\\/confection-de-coussins-sur-mesure\\\/\",\"url\":\"https:\\\/\\\/maisonboullier.com\\\/index.php\\\/confection-de-coussins-sur-mesure\\\/\",\"name\":\"Confection sur mesure \u00e0 Marseille : coussins, rideaux, t\u00eates de lit\",\"isPartOf\":{\"@id\":\"https:\\\/\\\/maisonboullier.com\\\/#website\"},\"datePublished\":\"2025-06-05T16:19:58+00:00\",\"dateModified\":\"2025-06-05T20:43:30+00:00\",\"description\":\"Confection artisanale sur mesure \u00e0 Marseille : coussins d\u2019assise, rideaux, voilages et t\u00eates de lit. Choix de tissus et finitions.\",\"breadcrumb\":{\"@id\":\"https:\\\/\\\/maisonboullier.com\\\/index.php\\\/confection-de-coussins-sur-mesure\\\/#breadcrumb\"},\"inLanguage\":\"fr-FR\",\"potentialAction\":[{\"@type\":\"ReadAction\",\"target\":[\"https:\\\/\\\/maisonboullier.com\\\/index.php\\\/confection-de-coussins-sur-mesure\\\/\"]}]},{\"@type\":\"BreadcrumbList\",\"@id\":\"https:\\\/\\\/maisonboullier.com\\\/index.php\\\/confection-de-coussins-sur-mesure\\\/#breadcrumb\",\"itemListElement\":[{\"@type\":\"ListItem\",\"position\":1,\"name\":\"Accueil\",\"item\":\"https:\\\/\\\/maisonboullier.com\\\/\"},{\"@type\":\"ListItem\",\"position\":2,\"name\":\"Confection de coussins sur mesure\"}]},{\"@type\":\"WebSite\",\"@id\":\"https:\\\/\\\/maisonboullier.com\\\/#website\",\"url\":\"https:\\\/\\\/maisonboullier.com\\\/\",\"name\":\"Maison Boullier\",\"description\":\"Tapisserie d&#039;ameublement Marseille\",\"potentialAction\":[{\"@type\":\"SearchAction\",\"target\":{\"@type\":\"EntryPoint\",\"urlTemplate\":\"https:\\\/\\\/maisonboullier.com\\\/?s={search_term_string}\"},\"query-input\":{\"@type\":\"PropertyValueSpecification\",\"valueRequired\":true,\"valueName\":\"search_term_string\"}}],\"inLanguage\":\"fr-FR\"}]}<\/script>\n<!-- \/ Yoast SEO plugin. -->","yoast_head_json":{"title":"Confection sur mesure \u00e0 Marseille : coussins, rideaux, t\u00eates de lit","description":"Confection artisanale sur mesure \u00e0 Marseille : coussins d\u2019assise, rideaux, voilages et t\u00eates de lit. Choix de tissus et finitions.","robots":{"index":"index","follow":"follow","max-snippet":"max-snippet:-1","max-image-preview":"max-image-preview:large","max-video-preview":"max-video-preview:-1"},"canonical":"https:\/\/maisonboullier.com\/index.php\/confection-de-coussins-sur-mesure\/","og_locale":"fr_FR","og_type":"article","og_title":"Confection sur mesure \u00e0 Marseille : coussins, rideaux, t\u00eates de lit","og_description":"Confection artisanale sur mesure \u00e0 Marseille : coussins d\u2019assise, rideaux, voilages et t\u00eates de lit. Choix de tissus et finitions.","og_url":"https:\/\/maisonboullier.com\/index.php\/confection-de-coussins-sur-mesure\/","og_site_name":"Maison Boullier","article_modified_time":"2025-06-05T20:43:30+00:00","twitter_card":"summary_large_image","twitter_misc":{"Dur\u00e9e de lecture estim\u00e9e":"1 minute"},"schema":{"@context":"https:\/\/schema.org","@graph":[{"@type":"WebPage","@id":"https:\/\/maisonboullier.com\/index.php\/confection-de-coussins-sur-mesure\/","url":"https:\/\/maisonboullier.com\/index.php\/confection-de-coussins-sur-mesure\/","name":"Confection sur mesure \u00e0 Marseille : coussins, rideaux, t\u00eates de lit","isPartOf":{"@id":"https:\/\/maisonboullier.com\/#website"},"datePublished":"2025-06-05T16:19:58+00:00","dateModified":"2025-06-05T20:43:30+00:00","description":"Confection artisanale sur mesure \u00e0 Marseille : coussins d\u2019assise, rideaux, voilages et t\u00eates de lit. Choix de tissus et finitions.","breadcrumb":{"@id":"https:\/\/maisonboullier.com\/index.php\/confection-de-coussins-sur-mesure\/#breadcrumb"},"inLanguage":"fr-FR","potentialAction":[{"@type":"ReadAction","target":["https:\/\/maisonboullier.com\/index.php\/confection-de-coussins-sur-mesure\/"]}]},{"@type":"BreadcrumbList","@id":"https:\/\/maisonboullier.com\/index.php\/confection-de-coussins-sur-mesure\/#breadcrumb","itemListElement":[{"@type":"ListItem","position":1,"name":"Accueil","item":"https:\/\/maisonboullier.com\/"},{"@type":"ListItem","position":2,"name":"Confection de coussins sur mesure"}]},{"@type":"WebSite","@id":"https:\/\/maisonboullier.com\/#website","url":"https:\/\/maisonboullier.com\/","name":"Maison Boullier","description":"Tapisserie d&#039;ameublement Marseille","potentialAction":[{"@type":"SearchAction","target":{"@type":"EntryPoint","urlTemplate":"https:\/\/maisonboullier.com\/?s={search_term_string}"},"query-input":{"@type":"PropertyValueSpecification","valueRequired":true,"valueName":"search_term_string"}}],"inLanguage":"fr-FR"}]}},"_links":{"self":[{"href":"https:\/\/maisonboullier.com\/index.php\/wp-json\/wp\/v2\/pages\/15","targetHints":{"allow":["GET"]}}],"collection":[{"href":"https:\/\/maisonboullier.com\/index.php\/wp-json\/wp\/v2\/pages"}],"about":[{"href":"https:\/\/maisonboullier.com\/index.php\/wp-json\/wp\/v2\/types\/page"}],"author":[{"embeddable":true,"href":"https:\/\/maisonboullier.com\/index.php\/wp-json\/wp\/v2\/users\/2"}],"replies":[{"embeddable":true,"href":"https:\/\/maisonboullier.com\/index.php\/wp-json\/wp\/v2\/comments?post=15"}],"version-history":[{"count":1,"href":"https:\/\/maisonboullier.com\/index.php\/wp-json\/wp\/v2\/pages\/15\/revisions"}],"predecessor-version":[{"id":16,"href":"https:\/\/maisonboullier.com\/index.php\/wp-json\/wp\/v2\/pages\/15\/revisions\/16"}],"wp:attachment":[{"href":"https:\/\/maisonboullier.com\/index.php\/wp-json\/wp\/v2\/media?parent=15"}],"curies":[{"name":"wp","href":"https:\/\/api.w.org\/{rel}","templated":true}]}}