{"id":12,"date":"2025-06-05T18:14:55","date_gmt":"2025-06-05T16:14:55","guid":{"rendered":"https:\/\/maisonboullier.com\/?page_id=12"},"modified":"2025-06-05T18:31:19","modified_gmt":"2025-06-05T16:31:19","slug":"refection-de-sieges","status":"publish","type":"page","link":"https:\/\/maisonboullier.com\/index.php\/refection-de-sieges\/","title":{"rendered":"R\u00e9fection de si\u00e8ges"},"content":{"rendered":"\n<p><\/p>\n\n\n\n<ul class=\"wp-block-list\">\n<li>Chaises, fauteuils, canap\u00e9s anciens ou contemporains<\/li>\n\n\n\n<li>Techniques traditionnelles (crin, ressorts) ou modernes (mousses haute r\u00e9silience)<\/li>\n<\/ul>\n","protected":false},"excerpt":{"rendered":"","protected":false},"author":2,"featured_media":0,"parent":0,"menu_order":0,"comment_status":"closed","ping_status":"closed","template":"template-fullwidth.php","meta":{"footnotes":""},"class_list":["post-12","page","type-page","status-publish","hentry"],"yoast_head":"<!-- This site is optimized with the Yoast SEO plugin v27.4 - https:\/\/yoast.com\/product\/yoast-seo-wordpress\/ -->\n<title>R\u00e9fection de fauteuils et si\u00e8ges \u00e0 Marseille | Tapissier d\u2019ameublement<\/title>\n<meta name=\"description\" content=\"R\u00e9fection artisanale de fauteuils, chaises et canap\u00e9s \u00e0 Marseille. Travail traditionnel ou moderne, mat\u00e9riaux de qualit\u00e9. Devis gratuit.\" \/>\n<meta name=\"robots\" content=\"index, follow, max-snippet:-1, max-image-preview:large, max-video-preview:-1\" \/>\n<link rel=\"canonical\" href=\"https:\/\/maisonboullier.com\/index.php\/refection-de-sieges\/\" \/>\n<meta property=\"og:locale\" content=\"fr_FR\" \/>\n<meta property=\"og:type\" content=\"article\" \/>\n<meta property=\"og:title\" content=\"R\u00e9fection de fauteuils et si\u00e8ges \u00e0 Marseille | Tapissier d\u2019ameublement\" \/>\n<meta property=\"og:description\" content=\"R\u00e9fection artisanale de fauteuils, chaises et canap\u00e9s \u00e0 Marseille. Travail traditionnel ou moderne, mat\u00e9riaux de qualit\u00e9. Devis gratuit.\" \/>\n<meta property=\"og:url\" content=\"https:\/\/maisonboullier.com\/index.php\/refection-de-sieges\/\" \/>\n<meta property=\"og:site_name\" content=\"Maison Boullier\" \/>\n<meta property=\"article:modified_time\" content=\"2025-06-05T16:31:19+00:00\" \/>\n<meta name=\"twitter:card\" content=\"summary_large_image\" \/>\n<meta name=\"twitter:label1\" content=\"Dur\u00e9e de lecture estim\u00e9e\" \/>\n\t<meta name=\"twitter:data1\" content=\"1 minute\" \/>\n<script type=\"application\/ld+json\" class=\"yoast-schema-graph\">{\"@context\":\"https:\\\/\\\/schema.org\",\"@graph\":[{\"@type\":\"WebPage\",\"@id\":\"https:\\\/\\\/maisonboullier.com\\\/index.php\\\/refection-de-sieges\\\/\",\"url\":\"https:\\\/\\\/maisonboullier.com\\\/index.php\\\/refection-de-sieges\\\/\",\"name\":\"R\u00e9fection de fauteuils et si\u00e8ges \u00e0 Marseille | Tapissier d\u2019ameublement\",\"isPartOf\":{\"@id\":\"https:\\\/\\\/maisonboullier.com\\\/#website\"},\"datePublished\":\"2025-06-05T16:14:55+00:00\",\"dateModified\":\"2025-06-05T16:31:19+00:00\",\"description\":\"R\u00e9fection artisanale de fauteuils, chaises et canap\u00e9s \u00e0 Marseille. Travail traditionnel ou moderne, mat\u00e9riaux de qualit\u00e9. Devis gratuit.\",\"breadcrumb\":{\"@id\":\"https:\\\/\\\/maisonboullier.com\\\/index.php\\\/refection-de-sieges\\\/#breadcrumb\"},\"inLanguage\":\"fr-FR\",\"potentialAction\":[{\"@type\":\"ReadAction\",\"target\":[\"https:\\\/\\\/maisonboullier.com\\\/index.php\\\/refection-de-sieges\\\/\"]}]},{\"@type\":\"BreadcrumbList\",\"@id\":\"https:\\\/\\\/maisonboullier.com\\\/index.php\\\/refection-de-sieges\\\/#breadcrumb\",\"itemListElement\":[{\"@type\":\"ListItem\",\"position\":1,\"name\":\"Accueil\",\"item\":\"https:\\\/\\\/maisonboullier.com\\\/\"},{\"@type\":\"ListItem\",\"position\":2,\"name\":\"R\u00e9fection de si\u00e8ges\"}]},{\"@type\":\"WebSite\",\"@id\":\"https:\\\/\\\/maisonboullier.com\\\/#website\",\"url\":\"https:\\\/\\\/maisonboullier.com\\\/\",\"name\":\"Maison Boullier\",\"description\":\"Tapisserie d&#039;ameublement Marseille\",\"potentialAction\":[{\"@type\":\"SearchAction\",\"target\":{\"@type\":\"EntryPoint\",\"urlTemplate\":\"https:\\\/\\\/maisonboullier.com\\\/?s={search_term_string}\"},\"query-input\":{\"@type\":\"PropertyValueSpecification\",\"valueRequired\":true,\"valueName\":\"search_term_string\"}}],\"inLanguage\":\"fr-FR\"}]}<\/script>\n<!-- \/ Yoast SEO plugin. -->","yoast_head_json":{"title":"R\u00e9fection de fauteuils et si\u00e8ges \u00e0 Marseille | Tapissier d\u2019ameublement","description":"R\u00e9fection artisanale de fauteuils, chaises et canap\u00e9s \u00e0 Marseille. Travail traditionnel ou moderne, mat\u00e9riaux de qualit\u00e9. Devis gratuit.","robots":{"index":"index","follow":"follow","max-snippet":"max-snippet:-1","max-image-preview":"max-image-preview:large","max-video-preview":"max-video-preview:-1"},"canonical":"https:\/\/maisonboullier.com\/index.php\/refection-de-sieges\/","og_locale":"fr_FR","og_type":"article","og_title":"R\u00e9fection de fauteuils et si\u00e8ges \u00e0 Marseille | Tapissier d\u2019ameublement","og_description":"R\u00e9fection artisanale de fauteuils, chaises et canap\u00e9s \u00e0 Marseille. Travail traditionnel ou moderne, mat\u00e9riaux de qualit\u00e9. Devis gratuit.","og_url":"https:\/\/maisonboullier.com\/index.php\/refection-de-sieges\/","og_site_name":"Maison Boullier","article_modified_time":"2025-06-05T16:31:19+00:00","twitter_card":"summary_large_image","twitter_misc":{"Dur\u00e9e de lecture estim\u00e9e":"1 minute"},"schema":{"@context":"https:\/\/schema.org","@graph":[{"@type":"WebPage","@id":"https:\/\/maisonboullier.com\/index.php\/refection-de-sieges\/","url":"https:\/\/maisonboullier.com\/index.php\/refection-de-sieges\/","name":"R\u00e9fection de fauteuils et si\u00e8ges \u00e0 Marseille | Tapissier d\u2019ameublement","isPartOf":{"@id":"https:\/\/maisonboullier.com\/#website"},"datePublished":"2025-06-05T16:14:55+00:00","dateModified":"2025-06-05T16:31:19+00:00","description":"R\u00e9fection artisanale de fauteuils, chaises et canap\u00e9s \u00e0 Marseille. Travail traditionnel ou moderne, mat\u00e9riaux de qualit\u00e9. Devis gratuit.","breadcrumb":{"@id":"https:\/\/maisonboullier.com\/index.php\/refection-de-sieges\/#breadcrumb"},"inLanguage":"fr-FR","potentialAction":[{"@type":"ReadAction","target":["https:\/\/maisonboullier.com\/index.php\/refection-de-sieges\/"]}]},{"@type":"BreadcrumbList","@id":"https:\/\/maisonboullier.com\/index.php\/refection-de-sieges\/#breadcrumb","itemListElement":[{"@type":"ListItem","position":1,"name":"Accueil","item":"https:\/\/maisonboullier.com\/"},{"@type":"ListItem","position":2,"name":"R\u00e9fection de si\u00e8ges"}]},{"@type":"WebSite","@id":"https:\/\/maisonboullier.com\/#website","url":"https:\/\/maisonboullier.com\/","name":"Maison Boullier","description":"Tapisserie d&#039;ameublement Marseille","potentialAction":[{"@type":"SearchAction","target":{"@type":"EntryPoint","urlTemplate":"https:\/\/maisonboullier.com\/?s={search_term_string}"},"query-input":{"@type":"PropertyValueSpecification","valueRequired":true,"valueName":"search_term_string"}}],"inLanguage":"fr-FR"}]}},"_links":{"self":[{"href":"https:\/\/maisonboullier.com\/index.php\/wp-json\/wp\/v2\/pages\/12","targetHints":{"allow":["GET"]}}],"collection":[{"href":"https:\/\/maisonboullier.com\/index.php\/wp-json\/wp\/v2\/pages"}],"about":[{"href":"https:\/\/maisonboullier.com\/index.php\/wp-json\/wp\/v2\/types\/page"}],"author":[{"embeddable":true,"href":"https:\/\/maisonboullier.com\/index.php\/wp-json\/wp\/v2\/users\/2"}],"replies":[{"embeddable":true,"href":"https:\/\/maisonboullier.com\/index.php\/wp-json\/wp\/v2\/comments?post=12"}],"version-history":[{"count":2,"href":"https:\/\/maisonboullier.com\/index.php\/wp-json\/wp\/v2\/pages\/12\/revisions"}],"predecessor-version":[{"id":17,"href":"https:\/\/maisonboullier.com\/index.php\/wp-json\/wp\/v2\/pages\/12\/revisions\/17"}],"wp:attachment":[{"href":"https:\/\/maisonboullier.com\/index.php\/wp-json\/wp\/v2\/media?parent=12"}],"curies":[{"name":"wp","href":"https:\/\/api.w.org\/{rel}","templated":true}]}}